{"id":1854,"date":"2023-03-09T08:53:05","date_gmt":"2023-03-09T07:53:05","guid":{"rendered":"https:\/\/lestroissapins.fr\/?page_id=1854"},"modified":"2023-03-09T10:44:04","modified_gmt":"2023-03-09T09:44:04","slug":"visite-region","status":"publish","type":"page","link":"https:\/\/lestroissapins.fr\/index.php\/visite-region\/","title":{"rendered":"Visite r\u00e9gion"},"content":{"rendered":"\t\t<div data-elementor-type=\"wp-page\" data-elementor-id=\"1854\" class=\"elementor elementor-1854\">\n\t\t\t\t\t\t\t\t\t<section class=\"elementor-section elementor-top-section elementor-element elementor-element-83746e8 elementor-section-height-min-height elementor-section-boxed elementor-section-height-default elementor-section-items-middle\" data-id=\"83746e8\" data-element_type=\"section\" data-settings=\"{&quot;background_background&quot;:&quot;classic&quot;,&quot;shape_divider_bottom&quot;:&quot;mountains&quot;}\">\n\t\t\t\t\t\t\t<div class=\"elementor-background-overlay\"><\/div>\n\t\t\t\t\t\t<div class=\"elementor-shape elementor-shape-bottom\" data-negative=\"false\">\n\t\t\t<svg xmlns=\"http:\/\/www.w3.org\/2000\/svg\" viewBox=\"0 0 1000 100\" preserveAspectRatio=\"none\">\n\t<path class=\"elementor-shape-fill\" opacity=\"0.33\" d=\"M473,67.3c-203.9,88.3-263.1-34-320.3,0C66,119.1,0,59.7,0,59.7V0h1000v59.7 c0,0-62.1,26.1-94.9,29.3c-32.8,3.3-62.8-12.3-75.8-22.1C806,49.6,745.3,8.7,694.9,4.7S492.4,59,473,67.3z\"\/>\n\t<path class=\"elementor-shape-fill\" opacity=\"0.66\" d=\"M734,67.3c-45.5,0-77.2-23.2-129.1-39.1c-28.6-8.7-150.3-10.1-254,39.1 s-91.7-34.4-149.2,0C115.7,118.3,0,39.8,0,39.8V0h1000v36.5c0,0-28.2-18.5-92.1-18.5C810.2,18.1,775.7,67.3,734,67.3z\"\/>\n\t<path class=\"elementor-shape-fill\" d=\"M766.1,28.9c-200-57.5-266,65.5-395.1,19.5C242,1.8,242,5.4,184.8,20.6C128,35.8,132.3,44.9,89.9,52.5C28.6,63.7,0,0,0,0 h1000c0,0-9.9,40.9-83.6,48.1S829.6,47,766.1,28.9z\"\/>\n<\/svg>\t\t<\/div>\n\t\t\t\t\t<div class=\"elementor-container elementor-column-gap-default\">\n\t\t\t\t\t<div class=\"elementor-column elementor-col-100 elementor-top-column elementor-element elementor-element-09faee3\" data-id=\"09faee3\" data-element_type=\"column\">\n\t\t\t<div class=\"elementor-widget-wrap elementor-element-populated\">\n\t\t\t\t\t\t\t\t<div class=\"elementor-element elementor-element-c7152a9 elementor-widget elementor-widget-heading\" data-id=\"c7152a9\" data-element_type=\"widget\" data-widget_type=\"heading.default\">\n\t\t\t\t<div class=\"elementor-widget-container\">\n\t\t\t<style>\/*! elementor - v3.10.0 - 09-01-2023 *\/\n.elementor-heading-title{padding:0;margin:0;line-height:1}.elementor-widget-heading .elementor-heading-title[class*=elementor-size-]>a{color:inherit;font-size:inherit;line-height:inherit}.elementor-widget-heading .elementor-heading-title.elementor-size-small{font-size:15px}.elementor-widget-heading .elementor-heading-title.elementor-size-medium{font-size:19px}.elementor-widget-heading .elementor-heading-title.elementor-size-large{font-size:29px}.elementor-widget-heading .elementor-heading-title.elementor-size-xl{font-size:39px}.elementor-widget-heading .elementor-heading-title.elementor-size-xxl{font-size:59px}<\/style><h1 class=\"elementor-heading-title elementor-size-default\">Les 3 Sapins <\/h1>\t\t<\/div>\n\t\t\t\t<\/div>\n\t\t\t\t\t<\/div>\n\t\t<\/div>\n\t\t\t\t\t\t\t<\/div>\n\t\t<\/section>\n\t\t\t\t<section class=\"elementor-section elementor-top-section elementor-element elementor-element-f28a3c0 elementor-section-boxed elementor-section-height-default elementor-section-height-default\" data-id=\"f28a3c0\" data-element_type=\"section\">\n\t\t\t\t\t\t<div class=\"elementor-container elementor-column-gap-default\">\n\t\t\t\t\t<div class=\"elementor-column elementor-col-100 elementor-top-column elementor-element elementor-element-6099130\" data-id=\"6099130\" data-element_type=\"column\">\n\t\t\t<div class=\"elementor-widget-wrap elementor-element-populated\">\n\t\t\t\t\t\t\t\t<div class=\"elementor-element elementor-element-78eb4b6 elementor-widget elementor-widget-heading\" data-id=\"78eb4b6\" data-element_type=\"widget\" data-widget_type=\"heading.default\">\n\t\t\t\t<div class=\"elementor-widget-container\">\n\t\t\t<h2 class=\"elementor-heading-title elementor-size-default\">Visite de la R\u00e9gion<\/h2>\t\t<\/div>\n\t\t\t\t<\/div>\n\t\t\t\t\t<\/div>\n\t\t<\/div>\n\t\t\t\t\t\t\t<\/div>\n\t\t<\/section>\n\t\t\t\t<section class=\"elementor-section elementor-top-section elementor-element elementor-element-c696959 elementor-section-boxed elementor-section-height-default elementor-section-height-default\" data-id=\"c696959\" data-element_type=\"section\">\n\t\t\t\t\t\t<div class=\"elementor-container elementor-column-gap-default\">\n\t\t\t\t\t<div class=\"elementor-column elementor-col-20 elementor-top-column elementor-element elementor-element-f009686\" data-id=\"f009686\" data-element_type=\"column\">\n\t\t\t<div class=\"elementor-widget-wrap elementor-element-populated\">\n\t\t\t\t\t\t\t\t<div class=\"elementor-element elementor-element-0b66bd5 elementor-widget elementor-widget-image\" data-id=\"0b66bd5\" data-element_type=\"widget\" data-widget_type=\"image.default\">\n\t\t\t\t<div class=\"elementor-widget-container\">\n\t\t\t<style>\/*! elementor - v3.10.0 - 09-01-2023 *\/\n.elementor-widget-image{text-align:center}.elementor-widget-image a{display:inline-block}.elementor-widget-image a img[src$=\".svg\"]{width:48px}.elementor-widget-image img{vertical-align:middle;display:inline-block}<\/style>\t\t\t\t\t\t\t\t\t\t\t\t\t<a href=\"https:\/\/www.abbaye-tamie.com\/\" target=\"_blank\">\n\t\t\t\t\t\t\t<img loading=\"lazy\" decoding=\"async\" width=\"400\" height=\"200\" src=\"https:\/\/lestroissapins.fr\/wp-content\/uploads\/Visite-region\/abbaye-notre-dame-de-tamie.jpg\" class=\"attachment-large size-large wp-image-1877\" alt=\"\" srcset=\"https:\/\/lestroissapins.fr\/wp-content\/uploads\/Visite-region\/abbaye-notre-dame-de-tamie.jpg 400w, https:\/\/lestroissapins.fr\/wp-content\/uploads\/Visite-region\/abbaye-notre-dame-de-tamie-300x150.jpg 300w\" sizes=\"auto, (max-width: 400px) 100vw, 400px\" \/>\t\t\t\t\t\t\t\t<\/a>\n\t\t\t\t\t\t\t\t\t\t\t\t\t\t\t<\/div>\n\t\t\t\t<\/div>\n\t\t\t\t<div class=\"elementor-element elementor-element-fbbd523 elementor-position-top elementor-vertical-align-top elementor-widget elementor-widget-image-box\" data-id=\"fbbd523\" data-element_type=\"widget\" data-widget_type=\"image-box.default\">\n\t\t\t\t<div class=\"elementor-widget-container\">\n\t\t\t<style>\/*! elementor - v3.10.0 - 09-01-2023 *\/\n.elementor-widget-image-box .elementor-image-box-content{width:100%}@media (min-width:768px){.elementor-widget-image-box.elementor-position-left .elementor-image-box-wrapper,.elementor-widget-image-box.elementor-position-right .elementor-image-box-wrapper{display:flex}.elementor-widget-image-box.elementor-position-right .elementor-image-box-wrapper{text-align:right;flex-direction:row-reverse}.elementor-widget-image-box.elementor-position-left .elementor-image-box-wrapper{text-align:left;flex-direction:row}.elementor-widget-image-box.elementor-position-top .elementor-image-box-img{margin:auto}.elementor-widget-image-box.elementor-vertical-align-top .elementor-image-box-wrapper{align-items:flex-start}.elementor-widget-image-box.elementor-vertical-align-middle .elementor-image-box-wrapper{align-items:center}.elementor-widget-image-box.elementor-vertical-align-bottom .elementor-image-box-wrapper{align-items:flex-end}}@media (max-width:767px){.elementor-widget-image-box .elementor-image-box-img{margin-left:auto!important;margin-right:auto!important;margin-bottom:15px}}.elementor-widget-image-box .elementor-image-box-img{display:inline-block}.elementor-widget-image-box .elementor-image-box-title a{color:inherit}.elementor-widget-image-box .elementor-image-box-wrapper{text-align:center}.elementor-widget-image-box .elementor-image-box-description{margin:0}<\/style><div class=\"elementor-image-box-wrapper\"><div class=\"elementor-image-box-content\"><h3 class=\"elementor-image-box-title\"><a href=\"https:\/\/www.abbaye-tamie.com\/\" target=\"_blank\">L'Abbaye Notre Dame de Tami\u00e9<\/a><\/h3><p class=\"elementor-image-box-description\">A 11 km environ 17 mn<\/p><\/div><\/div>\t\t<\/div>\n\t\t\t\t<\/div>\n\t\t\t\t\t<\/div>\n\t\t<\/div>\n\t\t\t\t<div class=\"elementor-column elementor-col-20 elementor-top-column elementor-element elementor-element-ae1e944\" data-id=\"ae1e944\" data-element_type=\"column\">\n\t\t\t<div class=\"elementor-widget-wrap elementor-element-populated\">\n\t\t\t\t\t\t\t\t<div class=\"elementor-element elementor-element-36aa061 elementor-widget elementor-widget-image\" data-id=\"36aa061\" data-element_type=\"widget\" data-widget_type=\"image.default\">\n\t\t\t\t<div class=\"elementor-widget-container\">\n\t\t\t\t\t\t\t\t\t\t\t\t\t\t\t\t<a href=\"https:\/\/www.fort-de-tamie.com\/\" target=\"_blank\">\n\t\t\t\t\t\t\t<img loading=\"lazy\" decoding=\"async\" width=\"400\" height=\"200\" src=\"https:\/\/lestroissapins.fr\/wp-content\/uploads\/Visite-region\/fort-de-tamie.jpg\" class=\"attachment-large size-large wp-image-1878\" alt=\"\" srcset=\"https:\/\/lestroissapins.fr\/wp-content\/uploads\/Visite-region\/fort-de-tamie.jpg 400w, https:\/\/lestroissapins.fr\/wp-content\/uploads\/Visite-region\/fort-de-tamie-300x150.jpg 300w\" sizes=\"auto, (max-width: 400px) 100vw, 400px\" \/>\t\t\t\t\t\t\t\t<\/a>\n\t\t\t\t\t\t\t\t\t\t\t\t\t\t\t<\/div>\n\t\t\t\t<\/div>\n\t\t\t\t<div class=\"elementor-element elementor-element-4dcc6c5 elementor-position-top elementor-vertical-align-top elementor-widget elementor-widget-image-box\" data-id=\"4dcc6c5\" data-element_type=\"widget\" data-widget_type=\"image-box.default\">\n\t\t\t\t<div class=\"elementor-widget-container\">\n\t\t\t<div class=\"elementor-image-box-wrapper\"><div class=\"elementor-image-box-content\"><h3 class=\"elementor-image-box-title\"><a href=\"https:\/\/www.fort-de-tamie.com\/\" target=\"_blank\">Fort de Tami\u00e9<\/a><\/h3><p class=\"elementor-image-box-description\">A 9 km environ 15 mn<\/p><\/div><\/div>\t\t<\/div>\n\t\t\t\t<\/div>\n\t\t\t\t\t<\/div>\n\t\t<\/div>\n\t\t\t\t<div class=\"elementor-column elementor-col-20 elementor-top-column elementor-element elementor-element-38b33de\" data-id=\"38b33de\" data-element_type=\"column\">\n\t\t\t<div class=\"elementor-widget-wrap elementor-element-populated\">\n\t\t\t\t\t\t\t\t<div class=\"elementor-element elementor-element-caf3dc7 elementor-widget elementor-widget-image\" data-id=\"caf3dc7\" data-element_type=\"widget\" data-widget_type=\"image.default\">\n\t\t\t\t<div class=\"elementor-widget-container\">\n\t\t\t\t\t\t\t\t\t\t\t\t\t\t\t\t<a href=\"https:\/\/www.annecy.fr\/\" target=\"_blank\">\n\t\t\t\t\t\t\t<img loading=\"lazy\" decoding=\"async\" width=\"400\" height=\"200\" src=\"https:\/\/lestroissapins.fr\/wp-content\/uploads\/Visite-region\/annecy.jpg\" class=\"attachment-large size-large wp-image-1876\" alt=\"\" srcset=\"https:\/\/lestroissapins.fr\/wp-content\/uploads\/Visite-region\/annecy.jpg 400w, https:\/\/lestroissapins.fr\/wp-content\/uploads\/Visite-region\/annecy-300x150.jpg 300w\" sizes=\"auto, (max-width: 400px) 100vw, 400px\" \/>\t\t\t\t\t\t\t\t<\/a>\n\t\t\t\t\t\t\t\t\t\t\t\t\t\t\t<\/div>\n\t\t\t\t<\/div>\n\t\t\t\t<div class=\"elementor-element elementor-element-3148a7e elementor-position-top elementor-vertical-align-top elementor-widget elementor-widget-image-box\" data-id=\"3148a7e\" data-element_type=\"widget\" data-widget_type=\"image-box.default\">\n\t\t\t\t<div class=\"elementor-widget-container\">\n\t\t\t<div class=\"elementor-image-box-wrapper\"><div class=\"elementor-image-box-content\"><h3 class=\"elementor-image-box-title\"><a href=\"https:\/\/www.annecy.fr\/\" target=\"_blank\">Annecy et son Lac<\/a><\/h3><p class=\"elementor-image-box-description\">A 53 km environ 1 h 00<\/p><\/div><\/div>\t\t<\/div>\n\t\t\t\t<\/div>\n\t\t\t\t\t<\/div>\n\t\t<\/div>\n\t\t\t\t<div class=\"elementor-column elementor-col-20 elementor-top-column elementor-element elementor-element-2465cd0\" data-id=\"2465cd0\" data-element_type=\"column\">\n\t\t\t<div class=\"elementor-widget-wrap elementor-element-populated\">\n\t\t\t\t\t\t\t\t<div class=\"elementor-element elementor-element-59e6c4f elementor-widget elementor-widget-image\" data-id=\"59e6c4f\" data-element_type=\"widget\" data-widget_type=\"image.default\">\n\t\t\t\t<div class=\"elementor-widget-container\">\n\t\t\t\t\t\t\t\t\t\t\t\t\t\t\t\t<a href=\"https:\/\/www.aixlesbains.fr\/Loisirs\/Ville-d-eau\/Lac-du-Bourget\" target=\"_blank\">\n\t\t\t\t\t\t\t<img loading=\"lazy\" decoding=\"async\" width=\"300\" height=\"168\" src=\"https:\/\/lestroissapins.fr\/wp-content\/uploads\/Visite-region\/Le-lac-du-Bourget.jpeg\" class=\"attachment-large size-large wp-image-1879\" alt=\"\" \/>\t\t\t\t\t\t\t\t<\/a>\n\t\t\t\t\t\t\t\t\t\t\t\t\t\t\t<\/div>\n\t\t\t\t<\/div>\n\t\t\t\t<div class=\"elementor-element elementor-element-960fb8b elementor-position-top elementor-vertical-align-top elementor-widget elementor-widget-image-box\" data-id=\"960fb8b\" data-element_type=\"widget\" data-widget_type=\"image-box.default\">\n\t\t\t\t<div class=\"elementor-widget-container\">\n\t\t\t<div class=\"elementor-image-box-wrapper\"><div class=\"elementor-image-box-content\"><h3 class=\"elementor-image-box-title\"><a href=\"https:\/\/www.aixlesbains.fr\/Loisirs\/Ville-d-eau\/Lac-du-Bourget\" target=\"_blank\">Lac Du Bourget<\/a><\/h3><p class=\"elementor-image-box-description\">A 65 km environ 55 mn<\/p><\/div><\/div>\t\t<\/div>\n\t\t\t\t<\/div>\n\t\t\t\t\t<\/div>\n\t\t<\/div>\n\t\t\t\t<div class=\"elementor-column elementor-col-20 elementor-top-column elementor-element elementor-element-dcf26c3\" data-id=\"dcf26c3\" data-element_type=\"column\">\n\t\t\t<div class=\"elementor-widget-wrap elementor-element-populated\">\n\t\t\t\t\t\t\t\t<div class=\"elementor-element elementor-element-48fe2c5 elementor-widget elementor-widget-image\" data-id=\"48fe2c5\" data-element_type=\"widget\" data-widget_type=\"image.default\">\n\t\t\t\t<div class=\"elementor-widget-container\">\n\t\t\t\t\t\t\t\t\t\t\t\t\t\t\t\t<a href=\"https:\/\/www.savoiegrandrevard.com\/\" target=\"_blank\">\n\t\t\t\t\t\t\t<img loading=\"lazy\" decoding=\"async\" width=\"1000\" height=\"562\" src=\"https:\/\/lestroissapins.fr\/wp-content\/uploads\/Visite-region\/Le-Revard.jpg\" class=\"attachment-large size-large wp-image-1880\" alt=\"\" srcset=\"https:\/\/lestroissapins.fr\/wp-content\/uploads\/Visite-region\/Le-Revard.jpg 1000w, https:\/\/lestroissapins.fr\/wp-content\/uploads\/Visite-region\/Le-Revard-300x169.jpg 300w, https:\/\/lestroissapins.fr\/wp-content\/uploads\/Visite-region\/Le-Revard-768x432.jpg 768w\" sizes=\"auto, (max-width: 1000px) 100vw, 1000px\" \/>\t\t\t\t\t\t\t\t<\/a>\n\t\t\t\t\t\t\t\t\t\t\t\t\t\t\t<\/div>\n\t\t\t\t<\/div>\n\t\t\t\t<div class=\"elementor-element elementor-element-cb88a11 elementor-position-top elementor-vertical-align-top elementor-widget elementor-widget-image-box\" data-id=\"cb88a11\" data-element_type=\"widget\" data-widget_type=\"image-box.default\">\n\t\t\t\t<div class=\"elementor-widget-container\">\n\t\t\t<div class=\"elementor-image-box-wrapper\"><div class=\"elementor-image-box-content\"><h3 class=\"elementor-image-box-title\"><a href=\"https:\/\/www.savoiegrandrevard.com\/\" target=\"_blank\">Le Revard<\/a><\/h3><p class=\"elementor-image-box-description\">A 66 km environ 1 h<\/p><\/div><\/div>\t\t<\/div>\n\t\t\t\t<\/div>\n\t\t\t\t\t<\/div>\n\t\t<\/div>\n\t\t\t\t\t\t\t<\/div>\n\t\t<\/section>\n\t\t\t\t\t\t\t<\/div>\n\t\t","protected":false},"excerpt":{"rendered":"<p>Les 3 Sapins Visite de la R\u00e9gion L&rsquo;Abbaye Notre Dame de Tami\u00e9 A 11 km environ 17 mn Fort de Tami\u00e9 A 9 km environ 15 mn Annecy et son Lac A 53 km environ 1 h 00 Lac Du Bourget A 65 km environ 55 mn Le Revard A 66 km environ 1 h<\/p>\n","protected":false},"author":1,"featured_media":0,"parent":0,"menu_order":0,"comment_status":"closed","ping_status":"closed","template":"","meta":{"site-sidebar-layout":"no-sidebar","site-content-layout":"page-builder","ast-global-header-display":"","ast-main-header-display":"","ast-hfb-above-header-display":"","ast-hfb-below-header-display":"","ast-hfb-mobile-header-display":"","site-post-title":"disabled","ast-breadcrumbs-content":"","ast-featured-img":"disabled","footer-sml-layout":"","theme-transparent-header-meta":"enabled","adv-header-id-meta":"","stick-header-meta":"","header-above-stick-meta":"","header-main-stick-meta":"","header-below-stick-meta":"","footnotes":""},"class_list":["post-1854","page","type-page","status-publish","hentry"],"yoast_head":"<!-- This site is optimized with the Yoast SEO plugin v19.14 - https:\/\/yoast.com\/wordpress\/plugins\/seo\/ -->\n<title>Visite r\u00e9gion - Les trois Sapins H\u00e9bergement en Savoie au coeur des Alpes<\/title>\n<meta name=\"robots\" content=\"index, follow, max-snippet:-1, max-image-preview:large, max-video-preview:-1\" \/>\n<link rel=\"canonical\" href=\"https:\/\/lestroissapins.fr\/index.php\/visite-region\/\" \/>\n<meta property=\"og:locale\" content=\"fr_FR\" \/>\n<meta property=\"og:type\" content=\"article\" \/>\n<meta property=\"og:title\" content=\"Visite r\u00e9gion - Les trois Sapins H\u00e9bergement en Savoie au coeur des Alpes\" \/>\n<meta property=\"og:description\" content=\"Les 3 Sapins Visite de la R\u00e9gion L&rsquo;Abbaye Notre Dame de Tami\u00e9 A 11 km environ 17 mn Fort de Tami\u00e9 A 9 km environ 15 mn Annecy et son Lac A 53 km environ 1 h 00 Lac Du Bourget A 65 km environ 55 mn Le Revard A 66 km environ 1 h\" \/>\n<meta property=\"og:url\" content=\"https:\/\/lestroissapins.fr\/index.php\/visite-region\/\" \/>\n<meta property=\"og:site_name\" content=\"Les trois Sapins H\u00e9bergement en Savoie au coeur des Alpes\" \/>\n<meta property=\"article:modified_time\" content=\"2023-03-09T09:44:04+00:00\" \/>\n<meta property=\"og:image\" content=\"https:\/\/lestroissapins.fr\/wp-content\/uploads\/Visite-region\/abbaye-notre-dame-de-tamie.jpg\" \/>\n<meta name=\"twitter:card\" content=\"summary_large_image\" \/>\n<meta name=\"twitter:label1\" content=\"Dur\u00e9e de lecture estim\u00e9e\" \/>\n\t<meta name=\"twitter:data1\" content=\"2 minutes\" \/>\n<script type=\"application\/ld+json\" class=\"yoast-schema-graph\">{\"@context\":\"https:\/\/schema.org\",\"@graph\":[{\"@type\":\"WebPage\",\"@id\":\"https:\/\/lestroissapins.fr\/index.php\/visite-region\/\",\"url\":\"https:\/\/lestroissapins.fr\/index.php\/visite-region\/\",\"name\":\"Visite r\u00e9gion - Les trois Sapins H\u00e9bergement en Savoie au coeur des Alpes\",\"isPartOf\":{\"@id\":\"https:\/\/lestroissapins.fr\/#website\"},\"datePublished\":\"2023-03-09T07:53:05+00:00\",\"dateModified\":\"2023-03-09T09:44:04+00:00\",\"breadcrumb\":{\"@id\":\"https:\/\/lestroissapins.fr\/index.php\/visite-region\/#breadcrumb\"},\"inLanguage\":\"fr-FR\",\"potentialAction\":[{\"@type\":\"ReadAction\",\"target\":[\"https:\/\/lestroissapins.fr\/index.php\/visite-region\/\"]}]},{\"@type\":\"BreadcrumbList\",\"@id\":\"https:\/\/lestroissapins.fr\/index.php\/visite-region\/#breadcrumb\",\"itemListElement\":[{\"@type\":\"ListItem\",\"position\":1,\"name\":\"Accueil\",\"item\":\"https:\/\/lestroissapins.fr\/\"},{\"@type\":\"ListItem\",\"position\":2,\"name\":\"Visite r\u00e9gion\"}]},{\"@type\":\"WebSite\",\"@id\":\"https:\/\/lestroissapins.fr\/#website\",\"url\":\"https:\/\/lestroissapins.fr\/\",\"name\":\"Les trois Sapins H\u00e9bergement en Savoie au coeur des Alpes\",\"description\":\"Votre h\u00e9bergement en Savoie le c\u0153ur des Alpes\",\"potentialAction\":[{\"@type\":\"SearchAction\",\"target\":{\"@type\":\"EntryPoint\",\"urlTemplate\":\"https:\/\/lestroissapins.fr\/?s={search_term_string}\"},\"query-input\":\"required name=search_term_string\"}],\"inLanguage\":\"fr-FR\"}]}<\/script>\n<!-- \/ Yoast SEO plugin. -->","yoast_head_json":{"title":"Visite r\u00e9gion - Les trois Sapins H\u00e9bergement en Savoie au coeur des Alpes","robots":{"index":"index","follow":"follow","max-snippet":"max-snippet:-1","max-image-preview":"max-image-preview:large","max-video-preview":"max-video-preview:-1"},"canonical":"https:\/\/lestroissapins.fr\/index.php\/visite-region\/","og_locale":"fr_FR","og_type":"article","og_title":"Visite r\u00e9gion - Les trois Sapins H\u00e9bergement en Savoie au coeur des Alpes","og_description":"Les 3 Sapins Visite de la R\u00e9gion L&rsquo;Abbaye Notre Dame de Tami\u00e9 A 11 km environ 17 mn Fort de Tami\u00e9 A 9 km environ 15 mn Annecy et son Lac A 53 km environ 1 h 00 Lac Du Bourget A 65 km environ 55 mn Le Revard A 66 km environ 1 h","og_url":"https:\/\/lestroissapins.fr\/index.php\/visite-region\/","og_site_name":"Les trois Sapins H\u00e9bergement en Savoie au coeur des Alpes","article_modified_time":"2023-03-09T09:44:04+00:00","og_image":[{"url":"https:\/\/lestroissapins.fr\/wp-content\/uploads\/Visite-region\/abbaye-notre-dame-de-tamie.jpg"}],"twitter_card":"summary_large_image","twitter_misc":{"Dur\u00e9e de lecture estim\u00e9e":"2 minutes"},"schema":{"@context":"https:\/\/schema.org","@graph":[{"@type":"WebPage","@id":"https:\/\/lestroissapins.fr\/index.php\/visite-region\/","url":"https:\/\/lestroissapins.fr\/index.php\/visite-region\/","name":"Visite r\u00e9gion - Les trois Sapins H\u00e9bergement en Savoie au coeur des Alpes","isPartOf":{"@id":"https:\/\/lestroissapins.fr\/#website"},"datePublished":"2023-03-09T07:53:05+00:00","dateModified":"2023-03-09T09:44:04+00:00","breadcrumb":{"@id":"https:\/\/lestroissapins.fr\/index.php\/visite-region\/#breadcrumb"},"inLanguage":"fr-FR","potentialAction":[{"@type":"ReadAction","target":["https:\/\/lestroissapins.fr\/index.php\/visite-region\/"]}]},{"@type":"BreadcrumbList","@id":"https:\/\/lestroissapins.fr\/index.php\/visite-region\/#breadcrumb","itemListElement":[{"@type":"ListItem","position":1,"name":"Accueil","item":"https:\/\/lestroissapins.fr\/"},{"@type":"ListItem","position":2,"name":"Visite r\u00e9gion"}]},{"@type":"WebSite","@id":"https:\/\/lestroissapins.fr\/#website","url":"https:\/\/lestroissapins.fr\/","name":"Les trois Sapins H\u00e9bergement en Savoie au coeur des Alpes","description":"Votre h\u00e9bergement en Savoie le c\u0153ur des Alpes","potentialAction":[{"@type":"SearchAction","target":{"@type":"EntryPoint","urlTemplate":"https:\/\/lestroissapins.fr\/?s={search_term_string}"},"query-input":"required name=search_term_string"}],"inLanguage":"fr-FR"}]}},"_links":{"self":[{"href":"https:\/\/lestroissapins.fr\/index.php\/wp-json\/wp\/v2\/pages\/1854","targetHints":{"allow":["GET"]}}],"collection":[{"href":"https:\/\/lestroissapins.fr\/index.php\/wp-json\/wp\/v2\/pages"}],"about":[{"href":"https:\/\/lestroissapins.fr\/index.php\/wp-json\/wp\/v2\/types\/page"}],"author":[{"embeddable":true,"href":"https:\/\/lestroissapins.fr\/index.php\/wp-json\/wp\/v2\/users\/1"}],"replies":[{"embeddable":true,"href":"https:\/\/lestroissapins.fr\/index.php\/wp-json\/wp\/v2\/comments?post=1854"}],"version-history":[{"count":28,"href":"https:\/\/lestroissapins.fr\/index.php\/wp-json\/wp\/v2\/pages\/1854\/revisions"}],"predecessor-version":[{"id":1906,"href":"https:\/\/lestroissapins.fr\/index.php\/wp-json\/wp\/v2\/pages\/1854\/revisions\/1906"}],"wp:attachment":[{"href":"https:\/\/lestroissapins.fr\/index.php\/wp-json\/wp\/v2\/media?parent=1854"}],"curies":[{"name":"wp","href":"https:\/\/api.w.org\/{rel}","templated":true}]}}