{"id":1371,"date":"2023-01-11T07:18:10","date_gmt":"2023-01-11T06:18:10","guid":{"rendered":"https:\/\/lestroissapins.fr\/?page_id=1371"},"modified":"2023-03-09T08:48:46","modified_gmt":"2023-03-09T07:48:46","slug":"vos-repas","status":"publish","type":"page","link":"https:\/\/lestroissapins.fr\/index.php\/vos-repas\/","title":{"rendered":"Vos repas"},"content":{"rendered":"\t\t<div data-elementor-type=\"wp-page\" data-elementor-id=\"1371\" class=\"elementor elementor-1371\">\n\t\t\t\t\t\t\t\t\t<section class=\"elementor-section elementor-top-section elementor-element elementor-element-83746e8 elementor-section-height-min-height elementor-section-boxed elementor-section-height-default elementor-section-items-middle\" data-id=\"83746e8\" data-element_type=\"section\" data-settings=\"{&quot;background_background&quot;:&quot;classic&quot;,&quot;shape_divider_bottom&quot;:&quot;mountains&quot;}\">\n\t\t\t\t\t\t\t<div class=\"elementor-background-overlay\"><\/div>\n\t\t\t\t\t\t<div class=\"elementor-shape elementor-shape-bottom\" data-negative=\"false\">\n\t\t\t<svg xmlns=\"http:\/\/www.w3.org\/2000\/svg\" viewBox=\"0 0 1000 100\" preserveAspectRatio=\"none\">\n\t<path class=\"elementor-shape-fill\" opacity=\"0.33\" d=\"M473,67.3c-203.9,88.3-263.1-34-320.3,0C66,119.1,0,59.7,0,59.7V0h1000v59.7 c0,0-62.1,26.1-94.9,29.3c-32.8,3.3-62.8-12.3-75.8-22.1C806,49.6,745.3,8.7,694.9,4.7S492.4,59,473,67.3z\"\/>\n\t<path class=\"elementor-shape-fill\" opacity=\"0.66\" d=\"M734,67.3c-45.5,0-77.2-23.2-129.1-39.1c-28.6-8.7-150.3-10.1-254,39.1 s-91.7-34.4-149.2,0C115.7,118.3,0,39.8,0,39.8V0h1000v36.5c0,0-28.2-18.5-92.1-18.5C810.2,18.1,775.7,67.3,734,67.3z\"\/>\n\t<path class=\"elementor-shape-fill\" d=\"M766.1,28.9c-200-57.5-266,65.5-395.1,19.5C242,1.8,242,5.4,184.8,20.6C128,35.8,132.3,44.9,89.9,52.5C28.6,63.7,0,0,0,0 h1000c0,0-9.9,40.9-83.6,48.1S829.6,47,766.1,28.9z\"\/>\n<\/svg>\t\t<\/div>\n\t\t\t\t\t<div class=\"elementor-container elementor-column-gap-default\">\n\t\t\t\t\t<div class=\"elementor-column elementor-col-100 elementor-top-column elementor-element elementor-element-09faee3\" data-id=\"09faee3\" data-element_type=\"column\">\n\t\t\t<div class=\"elementor-widget-wrap elementor-element-populated\">\n\t\t\t\t\t\t\t\t<div class=\"elementor-element elementor-element-c7152a9 elementor-widget elementor-widget-heading\" data-id=\"c7152a9\" data-element_type=\"widget\" data-widget_type=\"heading.default\">\n\t\t\t\t<div class=\"elementor-widget-container\">\n\t\t\t<style>\/*! elementor - v3.10.0 - 09-01-2023 *\/\n.elementor-heading-title{padding:0;margin:0;line-height:1}.elementor-widget-heading .elementor-heading-title[class*=elementor-size-]>a{color:inherit;font-size:inherit;line-height:inherit}.elementor-widget-heading .elementor-heading-title.elementor-size-small{font-size:15px}.elementor-widget-heading .elementor-heading-title.elementor-size-medium{font-size:19px}.elementor-widget-heading .elementor-heading-title.elementor-size-large{font-size:29px}.elementor-widget-heading .elementor-heading-title.elementor-size-xl{font-size:39px}.elementor-widget-heading .elementor-heading-title.elementor-size-xxl{font-size:59px}<\/style><h1 class=\"elementor-heading-title elementor-size-default\">Les 3 Sapins <\/h1>\t\t<\/div>\n\t\t\t\t<\/div>\n\t\t\t\t\t<\/div>\n\t\t<\/div>\n\t\t\t\t\t\t\t<\/div>\n\t\t<\/section>\n\t\t\t\t<section class=\"elementor-section elementor-top-section elementor-element elementor-element-f28a3c0 elementor-section-boxed elementor-section-height-default elementor-section-height-default\" data-id=\"f28a3c0\" data-element_type=\"section\">\n\t\t\t\t\t\t<div class=\"elementor-container elementor-column-gap-default\">\n\t\t\t\t\t<div class=\"elementor-column elementor-col-100 elementor-top-column elementor-element elementor-element-6099130\" data-id=\"6099130\" data-element_type=\"column\">\n\t\t\t<div class=\"elementor-widget-wrap elementor-element-populated\">\n\t\t\t\t\t\t\t\t<div class=\"elementor-element elementor-element-78eb4b6 elementor-widget elementor-widget-heading\" data-id=\"78eb4b6\" data-element_type=\"widget\" data-widget_type=\"heading.default\">\n\t\t\t\t<div class=\"elementor-widget-container\">\n\t\t\t<h2 class=\"elementor-heading-title elementor-size-default\">Vos repas<\/h2>\t\t<\/div>\n\t\t\t\t<\/div>\n\t\t\t\t\t<\/div>\n\t\t<\/div>\n\t\t\t\t\t\t\t<\/div>\n\t\t<\/section>\n\t\t\t\t<section class=\"elementor-section elementor-top-section elementor-element elementor-element-9e031ec elementor-section-boxed elementor-section-height-default elementor-section-height-default\" data-id=\"9e031ec\" data-element_type=\"section\">\n\t\t\t\t\t\t<div class=\"elementor-container elementor-column-gap-default\">\n\t\t\t\t\t<div class=\"elementor-column elementor-col-100 elementor-top-column elementor-element elementor-element-d4e3ba5\" data-id=\"d4e3ba5\" data-element_type=\"column\">\n\t\t\t<div class=\"elementor-widget-wrap elementor-element-populated\">\n\t\t\t\t\t\t\t\t<div class=\"elementor-element elementor-element-bf87de6 elementor-widget elementor-widget-heading\" data-id=\"bf87de6\" data-element_type=\"widget\" data-widget_type=\"heading.default\">\n\t\t\t\t<div class=\"elementor-widget-container\">\n\t\t\t<h2 class=\"elementor-heading-title elementor-size-xxl\">Bient\u00f4t vos menus seront pr\u00e9sent\u00e9s ici<\/h2>\t\t<\/div>\n\t\t\t\t<\/div>\n\t\t\t\t\t<\/div>\n\t\t<\/div>\n\t\t\t\t\t\t\t<\/div>\n\t\t<\/section>\n\t\t\t\t\t\t\t<\/div>\n\t\t","protected":false},"excerpt":{"rendered":"<p>Les 3 Sapins Vos repas Bient\u00f4t vos menus seront pr\u00e9sent\u00e9s ici<\/p>\n","protected":false},"author":1,"featured_media":0,"parent":0,"menu_order":0,"comment_status":"closed","ping_status":"closed","template":"","meta":{"site-sidebar-layout":"no-sidebar","site-content-layout":"page-builder","ast-global-header-display":"","ast-main-header-display":"","ast-hfb-above-header-display":"","ast-hfb-below-header-display":"","ast-hfb-mobile-header-display":"","site-post-title":"disabled","ast-breadcrumbs-content":"","ast-featured-img":"disabled","footer-sml-layout":"","theme-transparent-header-meta":"enabled","adv-header-id-meta":"","stick-header-meta":"","header-above-stick-meta":"","header-main-stick-meta":"","header-below-stick-meta":"","footnotes":""},"class_list":["post-1371","page","type-page","status-publish","hentry"],"yoast_head":"<!-- This site is optimized with the Yoast SEO plugin v19.14 - https:\/\/yoast.com\/wordpress\/plugins\/seo\/ -->\n<title>Vos repas - Les trois Sapins H\u00e9bergement en Savoie au coeur des Alpes<\/title>\n<meta name=\"robots\" content=\"index, follow, max-snippet:-1, max-image-preview:large, max-video-preview:-1\" \/>\n<link rel=\"canonical\" href=\"https:\/\/lestroissapins.fr\/index.php\/vos-repas\/\" \/>\n<meta property=\"og:locale\" content=\"fr_FR\" \/>\n<meta property=\"og:type\" content=\"article\" \/>\n<meta property=\"og:title\" content=\"Vos repas - Les trois Sapins H\u00e9bergement en Savoie au coeur des Alpes\" \/>\n<meta property=\"og:description\" content=\"Les 3 Sapins Vos repas Bient\u00f4t vos menus seront pr\u00e9sent\u00e9s ici\" \/>\n<meta property=\"og:url\" content=\"https:\/\/lestroissapins.fr\/index.php\/vos-repas\/\" \/>\n<meta property=\"og:site_name\" content=\"Les trois Sapins H\u00e9bergement en Savoie au coeur des Alpes\" \/>\n<meta property=\"article:modified_time\" content=\"2023-03-09T07:48:46+00:00\" \/>\n<meta name=\"twitter:card\" content=\"summary_large_image\" \/>\n<meta name=\"twitter:label1\" content=\"Dur\u00e9e de lecture estim\u00e9e\" \/>\n\t<meta name=\"twitter:data1\" content=\"1 minute\" \/>\n<script type=\"application\/ld+json\" class=\"yoast-schema-graph\">{\"@context\":\"https:\/\/schema.org\",\"@graph\":[{\"@type\":\"WebPage\",\"@id\":\"https:\/\/lestroissapins.fr\/index.php\/vos-repas\/\",\"url\":\"https:\/\/lestroissapins.fr\/index.php\/vos-repas\/\",\"name\":\"Vos repas - Les trois Sapins H\u00e9bergement en Savoie au coeur des Alpes\",\"isPartOf\":{\"@id\":\"https:\/\/lestroissapins.fr\/#website\"},\"datePublished\":\"2023-01-11T06:18:10+00:00\",\"dateModified\":\"2023-03-09T07:48:46+00:00\",\"breadcrumb\":{\"@id\":\"https:\/\/lestroissapins.fr\/index.php\/vos-repas\/#breadcrumb\"},\"inLanguage\":\"fr-FR\",\"potentialAction\":[{\"@type\":\"ReadAction\",\"target\":[\"https:\/\/lestroissapins.fr\/index.php\/vos-repas\/\"]}]},{\"@type\":\"BreadcrumbList\",\"@id\":\"https:\/\/lestroissapins.fr\/index.php\/vos-repas\/#breadcrumb\",\"itemListElement\":[{\"@type\":\"ListItem\",\"position\":1,\"name\":\"Accueil\",\"item\":\"https:\/\/lestroissapins.fr\/\"},{\"@type\":\"ListItem\",\"position\":2,\"name\":\"Vos repas\"}]},{\"@type\":\"WebSite\",\"@id\":\"https:\/\/lestroissapins.fr\/#website\",\"url\":\"https:\/\/lestroissapins.fr\/\",\"name\":\"Les trois Sapins H\u00e9bergement en Savoie au coeur des Alpes\",\"description\":\"Votre h\u00e9bergement en Savoie le c\u0153ur des Alpes\",\"potentialAction\":[{\"@type\":\"SearchAction\",\"target\":{\"@type\":\"EntryPoint\",\"urlTemplate\":\"https:\/\/lestroissapins.fr\/?s={search_term_string}\"},\"query-input\":\"required name=search_term_string\"}],\"inLanguage\":\"fr-FR\"}]}<\/script>\n<!-- \/ Yoast SEO plugin. -->","yoast_head_json":{"title":"Vos repas - Les trois Sapins H\u00e9bergement en Savoie au coeur des Alpes","robots":{"index":"index","follow":"follow","max-snippet":"max-snippet:-1","max-image-preview":"max-image-preview:large","max-video-preview":"max-video-preview:-1"},"canonical":"https:\/\/lestroissapins.fr\/index.php\/vos-repas\/","og_locale":"fr_FR","og_type":"article","og_title":"Vos repas - Les trois Sapins H\u00e9bergement en Savoie au coeur des Alpes","og_description":"Les 3 Sapins Vos repas Bient\u00f4t vos menus seront pr\u00e9sent\u00e9s ici","og_url":"https:\/\/lestroissapins.fr\/index.php\/vos-repas\/","og_site_name":"Les trois Sapins H\u00e9bergement en Savoie au coeur des Alpes","article_modified_time":"2023-03-09T07:48:46+00:00","twitter_card":"summary_large_image","twitter_misc":{"Dur\u00e9e de lecture estim\u00e9e":"1 minute"},"schema":{"@context":"https:\/\/schema.org","@graph":[{"@type":"WebPage","@id":"https:\/\/lestroissapins.fr\/index.php\/vos-repas\/","url":"https:\/\/lestroissapins.fr\/index.php\/vos-repas\/","name":"Vos repas - Les trois Sapins H\u00e9bergement en Savoie au coeur des Alpes","isPartOf":{"@id":"https:\/\/lestroissapins.fr\/#website"},"datePublished":"2023-01-11T06:18:10+00:00","dateModified":"2023-03-09T07:48:46+00:00","breadcrumb":{"@id":"https:\/\/lestroissapins.fr\/index.php\/vos-repas\/#breadcrumb"},"inLanguage":"fr-FR","potentialAction":[{"@type":"ReadAction","target":["https:\/\/lestroissapins.fr\/index.php\/vos-repas\/"]}]},{"@type":"BreadcrumbList","@id":"https:\/\/lestroissapins.fr\/index.php\/vos-repas\/#breadcrumb","itemListElement":[{"@type":"ListItem","position":1,"name":"Accueil","item":"https:\/\/lestroissapins.fr\/"},{"@type":"ListItem","position":2,"name":"Vos repas"}]},{"@type":"WebSite","@id":"https:\/\/lestroissapins.fr\/#website","url":"https:\/\/lestroissapins.fr\/","name":"Les trois Sapins H\u00e9bergement en Savoie au coeur des Alpes","description":"Votre h\u00e9bergement en Savoie le c\u0153ur des Alpes","potentialAction":[{"@type":"SearchAction","target":{"@type":"EntryPoint","urlTemplate":"https:\/\/lestroissapins.fr\/?s={search_term_string}"},"query-input":"required name=search_term_string"}],"inLanguage":"fr-FR"}]}},"_links":{"self":[{"href":"https:\/\/lestroissapins.fr\/index.php\/wp-json\/wp\/v2\/pages\/1371","targetHints":{"allow":["GET"]}}],"collection":[{"href":"https:\/\/lestroissapins.fr\/index.php\/wp-json\/wp\/v2\/pages"}],"about":[{"href":"https:\/\/lestroissapins.fr\/index.php\/wp-json\/wp\/v2\/types\/page"}],"author":[{"embeddable":true,"href":"https:\/\/lestroissapins.fr\/index.php\/wp-json\/wp\/v2\/users\/1"}],"replies":[{"embeddable":true,"href":"https:\/\/lestroissapins.fr\/index.php\/wp-json\/wp\/v2\/comments?post=1371"}],"version-history":[{"count":25,"href":"https:\/\/lestroissapins.fr\/index.php\/wp-json\/wp\/v2\/pages\/1371\/revisions"}],"predecessor-version":[{"id":1853,"href":"https:\/\/lestroissapins.fr\/index.php\/wp-json\/wp\/v2\/pages\/1371\/revisions\/1853"}],"wp:attachment":[{"href":"https:\/\/lestroissapins.fr\/index.php\/wp-json\/wp\/v2\/media?parent=1371"}],"curies":[{"name":"wp","href":"https:\/\/api.w.org\/{rel}","templated":true}]}}