{"id":1318,"date":"2021-11-21T15:12:46","date_gmt":"2021-11-21T14:12:46","guid":{"rendered":"https:\/\/lestroissapins.fr\/index.php\/home\/"},"modified":"2023-03-09T08:29:22","modified_gmt":"2023-03-09T07:29:22","slug":"https-lestroissapins-fr","status":"publish","type":"page","link":"https:\/\/lestroissapins.fr\/","title":{"rendered":"Accueil"},"content":{"rendered":"\t\t<div data-elementor-type=\"wp-page\" data-elementor-id=\"1318\" class=\"elementor elementor-1318\">\n\t\t\t\t\t\t\t\t\t<section class=\"elementor-section elementor-top-section elementor-element elementor-element-ca7541c elementor-section-height-min-height elementor-section-boxed elementor-section-height-default elementor-section-items-middle\" data-id=\"ca7541c\" data-element_type=\"section\" data-settings=\"{&quot;background_background&quot;:&quot;classic&quot;,&quot;shape_divider_bottom&quot;:&quot;mountains&quot;}\">\n\t\t\t\t\t\t\t<div class=\"elementor-background-overlay\"><\/div>\n\t\t\t\t\t\t<div class=\"elementor-shape elementor-shape-bottom\" data-negative=\"false\">\n\t\t\t<svg xmlns=\"http:\/\/www.w3.org\/2000\/svg\" viewBox=\"0 0 1000 100\" preserveAspectRatio=\"none\">\n\t<path class=\"elementor-shape-fill\" opacity=\"0.33\" d=\"M473,67.3c-203.9,88.3-263.1-34-320.3,0C66,119.1,0,59.7,0,59.7V0h1000v59.7 c0,0-62.1,26.1-94.9,29.3c-32.8,3.3-62.8-12.3-75.8-22.1C806,49.6,745.3,8.7,694.9,4.7S492.4,59,473,67.3z\"\/>\n\t<path class=\"elementor-shape-fill\" opacity=\"0.66\" d=\"M734,67.3c-45.5,0-77.2-23.2-129.1-39.1c-28.6-8.7-150.3-10.1-254,39.1 s-91.7-34.4-149.2,0C115.7,118.3,0,39.8,0,39.8V0h1000v36.5c0,0-28.2-18.5-92.1-18.5C810.2,18.1,775.7,67.3,734,67.3z\"\/>\n\t<path class=\"elementor-shape-fill\" d=\"M766.1,28.9c-200-57.5-266,65.5-395.1,19.5C242,1.8,242,5.4,184.8,20.6C128,35.8,132.3,44.9,89.9,52.5C28.6,63.7,0,0,0,0 h1000c0,0-9.9,40.9-83.6,48.1S829.6,47,766.1,28.9z\"\/>\n<\/svg>\t\t<\/div>\n\t\t\t\t\t<div class=\"elementor-container elementor-column-gap-default\">\n\t\t\t\t\t<div class=\"elementor-column elementor-col-100 elementor-top-column elementor-element elementor-element-be10890\" data-id=\"be10890\" data-element_type=\"column\">\n\t\t\t<div class=\"elementor-widget-wrap elementor-element-populated\">\n\t\t\t\t\t\t\t\t<div class=\"elementor-element elementor-element-0708f7f elementor-widget elementor-widget-heading\" data-id=\"0708f7f\" data-element_type=\"widget\" data-widget_type=\"heading.default\">\n\t\t\t\t<div class=\"elementor-widget-container\">\n\t\t\t<style>\/*! elementor - v3.10.0 - 09-01-2023 *\/\n.elementor-heading-title{padding:0;margin:0;line-height:1}.elementor-widget-heading .elementor-heading-title[class*=elementor-size-]>a{color:inherit;font-size:inherit;line-height:inherit}.elementor-widget-heading .elementor-heading-title.elementor-size-small{font-size:15px}.elementor-widget-heading .elementor-heading-title.elementor-size-medium{font-size:19px}.elementor-widget-heading .elementor-heading-title.elementor-size-large{font-size:29px}.elementor-widget-heading .elementor-heading-title.elementor-size-xl{font-size:39px}.elementor-widget-heading .elementor-heading-title.elementor-size-xxl{font-size:59px}<\/style><h1 class=\"elementor-heading-title elementor-size-default\">Les 3 Sapins<\/h1>\t\t<\/div>\n\t\t\t\t<\/div>\n\t\t\t\t<div class=\"elementor-element elementor-element-ffe4386 elementor-widget elementor-widget-text-editor\" data-id=\"ffe4386\" data-element_type=\"widget\" data-widget_type=\"text-editor.default\">\n\t\t\t\t<div class=\"elementor-widget-container\">\n\t\t\t<style>\/*! elementor - v3.10.0 - 09-01-2023 *\/\n.elementor-widget-text-editor.elementor-drop-cap-view-stacked .elementor-drop-cap{background-color:#818a91;color:#fff}.elementor-widget-text-editor.elementor-drop-cap-view-framed .elementor-drop-cap{color:#818a91;border:3px solid;background-color:transparent}.elementor-widget-text-editor:not(.elementor-drop-cap-view-default) .elementor-drop-cap{margin-top:8px}.elementor-widget-text-editor:not(.elementor-drop-cap-view-default) .elementor-drop-cap-letter{width:1em;height:1em}.elementor-widget-text-editor .elementor-drop-cap{float:left;text-align:center;line-height:1;font-size:50px}.elementor-widget-text-editor .elementor-drop-cap-letter{display:inline-block}<\/style>\t\t\t\t<p>Votre h\u00e9bergement au coeur des Alpes<\/p>\t\t\t\t\t\t<\/div>\n\t\t\t\t<\/div>\n\t\t\t\t\t<\/div>\n\t\t<\/div>\n\t\t\t\t\t\t\t<\/div>\n\t\t<\/section>\n\t\t\t\t<section class=\"elementor-section elementor-top-section elementor-element elementor-element-cb5b13c elementor-section-boxed elementor-section-height-default elementor-section-height-default\" data-id=\"cb5b13c\" data-element_type=\"section\">\n\t\t\t\t\t\t<div class=\"elementor-container elementor-column-gap-default\">\n\t\t\t\t\t<div class=\"elementor-column elementor-col-100 elementor-top-column elementor-element elementor-element-625e415\" data-id=\"625e415\" data-element_type=\"column\">\n\t\t\t<div class=\"elementor-widget-wrap elementor-element-populated\">\n\t\t\t\t\t\t\t\t<div class=\"elementor-element elementor-element-90ba86d elementor-widget elementor-widget-text-editor\" data-id=\"90ba86d\" data-element_type=\"widget\" data-widget_type=\"text-editor.default\">\n\t\t\t\t<div class=\"elementor-widget-container\">\n\t\t\t\t\t\t\t<p>Venez d\u00e9couvrir les Trois Sapins, un h\u00e9bergement de charme en Savoie. Nous vous offrons des chambres confortables et spacieuses, un emplacement id\u00e9al pour des vacances en montagne et un accueil chaleureux. Profitez de notre terrasse avec vue imprenable sur les montagnes, de notre jardin fleuri et de notre piscine pour vous d\u00e9tendre apr\u00e8s une journ\u00e9e de randonn\u00e9e ou de ski. R\u00e9servez d\u00e8s maintenant pour des vacances inoubliables !<\/p>\t\t\t\t\t\t<\/div>\n\t\t\t\t<\/div>\n\t\t\t\t\t<\/div>\n\t\t<\/div>\n\t\t\t\t\t\t\t<\/div>\n\t\t<\/section>\n\t\t\t\t<section class=\"elementor-section elementor-top-section elementor-element elementor-element-7701125 elementor-section-boxed elementor-section-height-default elementor-section-height-default\" data-id=\"7701125\" data-element_type=\"section\">\n\t\t\t\t\t\t<div class=\"elementor-container elementor-column-gap-default\">\n\t\t\t\t\t<div class=\"elementor-column elementor-col-100 elementor-top-column elementor-element elementor-element-9ad04ba\" data-id=\"9ad04ba\" data-element_type=\"column\">\n\t\t\t<div class=\"elementor-widget-wrap elementor-element-populated\">\n\t\t\t\t\t\t\t\t<section class=\"elementor-section elementor-inner-section elementor-element elementor-element-ef970f2 elementor-section-full_width elementor-section-height-default elementor-section-height-default\" data-id=\"ef970f2\" data-element_type=\"section\">\n\t\t\t\t\t\t<div class=\"elementor-container elementor-column-gap-default\">\n\t\t\t\t\t<div class=\"elementor-column elementor-col-33 elementor-inner-column elementor-element elementor-element-fd27b31\" data-id=\"fd27b31\" data-element_type=\"column\">\n\t\t\t<div class=\"elementor-widget-wrap elementor-element-populated\">\n\t\t\t\t\t\t\t\t<div class=\"elementor-element elementor-element-bff2ac9 elementor-widget elementor-widget-image\" data-id=\"bff2ac9\" data-element_type=\"widget\" data-widget_type=\"image.default\">\n\t\t\t\t<div class=\"elementor-widget-container\">\n\t\t\t<style>\/*! elementor - v3.10.0 - 09-01-2023 *\/\n.elementor-widget-image{text-align:center}.elementor-widget-image a{display:inline-block}.elementor-widget-image a img[src$=\".svg\"]{width:48px}.elementor-widget-image img{vertical-align:middle;display:inline-block}<\/style>\t\t\t\t\t\t\t\t\t\t\t\t\t<a href=\"https:\/\/lestroissapins.fr\/index.php\/https-lestroissapins-fr-index-php-visites-guidee\/\">\n\t\t\t\t\t\t\t<img decoding=\"async\" src=\"https:\/\/lestroissapins.fr\/wp-content\/uploads\/2023\/01\/efcc35d6-5bbe-450a-ac07-31d6704a3ead.webp\" title=\"Maison Gilly sur Is\u00e8re\" alt=\"H\u00e9bergement en Savoie Maison au c\u0153ur des Alples\" loading=\"lazy\" \/>\t\t\t\t\t\t\t\t<\/a>\n\t\t\t\t\t\t\t\t\t\t\t\t\t\t\t<\/div>\n\t\t\t\t<\/div>\n\t\t\t\t<div class=\"elementor-element elementor-element-54a2f8d elementor-position-top elementor-vertical-align-top elementor-widget elementor-widget-image-box\" data-id=\"54a2f8d\" data-element_type=\"widget\" data-widget_type=\"image-box.default\">\n\t\t\t\t<div class=\"elementor-widget-container\">\n\t\t\t<style>\/*! elementor - v3.10.0 - 09-01-2023 *\/\n.elementor-widget-image-box .elementor-image-box-content{width:100%}@media (min-width:768px){.elementor-widget-image-box.elementor-position-left .elementor-image-box-wrapper,.elementor-widget-image-box.elementor-position-right .elementor-image-box-wrapper{display:flex}.elementor-widget-image-box.elementor-position-right .elementor-image-box-wrapper{text-align:right;flex-direction:row-reverse}.elementor-widget-image-box.elementor-position-left .elementor-image-box-wrapper{text-align:left;flex-direction:row}.elementor-widget-image-box.elementor-position-top .elementor-image-box-img{margin:auto}.elementor-widget-image-box.elementor-vertical-align-top .elementor-image-box-wrapper{align-items:flex-start}.elementor-widget-image-box.elementor-vertical-align-middle .elementor-image-box-wrapper{align-items:center}.elementor-widget-image-box.elementor-vertical-align-bottom .elementor-image-box-wrapper{align-items:flex-end}}@media (max-width:767px){.elementor-widget-image-box .elementor-image-box-img{margin-left:auto!important;margin-right:auto!important;margin-bottom:15px}}.elementor-widget-image-box .elementor-image-box-img{display:inline-block}.elementor-widget-image-box .elementor-image-box-title a{color:inherit}.elementor-widget-image-box .elementor-image-box-wrapper{text-align:center}.elementor-widget-image-box .elementor-image-box-description{margin:0}<\/style><div class=\"elementor-image-box-wrapper\"><div class=\"elementor-image-box-content\"><h3 class=\"elementor-image-box-title\"><a href=\"https:\/\/lestroissapins.fr\/index.php\/https-lestroissapins-fr-index-php-visites-guidee\/\">Visite guid\u00e9e<\/a><\/h3><p class=\"elementor-image-box-description\">Petite visite rapide de votre futur h\u00e9bergement au coeur de la nature<\/p><\/div><\/div>\t\t<\/div>\n\t\t\t\t<\/div>\n\t\t\t\t\t<\/div>\n\t\t<\/div>\n\t\t\t\t<div class=\"elementor-column elementor-col-33 elementor-inner-column elementor-element elementor-element-e6971ee\" data-id=\"e6971ee\" data-element_type=\"column\">\n\t\t\t<div class=\"elementor-widget-wrap elementor-element-populated\">\n\t\t\t\t\t\t\t\t<div class=\"elementor-element elementor-element-1e4bc45 elementor-widget elementor-widget-image\" data-id=\"1e4bc45\" data-element_type=\"widget\" data-widget_type=\"image.default\">\n\t\t\t\t<div class=\"elementor-widget-container\">\n\t\t\t\t\t\t\t\t\t\t\t\t\t\t\t\t<a href=\"https:\/\/lestroissapins.fr\/index.php\/vos-repas\/\">\n\t\t\t\t\t\t\t<img loading=\"lazy\" decoding=\"async\" width=\"720\" height=\"540\" src=\"https:\/\/lestroissapins.fr\/wp-content\/uploads\/2023\/01\/59b7b029-6cc1-42d0-a938-9d2ccb659b91.webp\" class=\"attachment-full size-full wp-image-1343\" alt=\"H\u00e9bergement en Savoie Maison au c\u0153ur des Alples Vos menus raclette fondue savoyarde\" srcset=\"https:\/\/lestroissapins.fr\/wp-content\/uploads\/2023\/01\/59b7b029-6cc1-42d0-a938-9d2ccb659b91.webp 720w, https:\/\/lestroissapins.fr\/wp-content\/uploads\/2023\/01\/59b7b029-6cc1-42d0-a938-9d2ccb659b91-300x225.webp 300w\" sizes=\"auto, (max-width: 720px) 100vw, 720px\" \/>\t\t\t\t\t\t\t\t<\/a>\n\t\t\t\t\t\t\t\t\t\t\t\t\t\t\t<\/div>\n\t\t\t\t<\/div>\n\t\t\t\t<div class=\"elementor-element elementor-element-f07647b elementor-position-top elementor-vertical-align-top elementor-widget elementor-widget-image-box\" data-id=\"f07647b\" data-element_type=\"widget\" data-widget_type=\"image-box.default\">\n\t\t\t\t<div class=\"elementor-widget-container\">\n\t\t\t<div class=\"elementor-image-box-wrapper\"><div class=\"elementor-image-box-content\"><h3 class=\"elementor-image-box-title\"><a href=\"https:\/\/lestroissapins.fr\/index.php\/vos-repas\/\">Vos menus <\/a><\/h3><p class=\"elementor-image-box-description\">Plats r\u00e9gionaux.<\/p><\/div><\/div>\t\t<\/div>\n\t\t\t\t<\/div>\n\t\t\t\t\t<\/div>\n\t\t<\/div>\n\t\t\t\t<div class=\"elementor-column elementor-col-33 elementor-inner-column elementor-element elementor-element-b809155\" data-id=\"b809155\" data-element_type=\"column\">\n\t\t\t<div class=\"elementor-widget-wrap elementor-element-populated\">\n\t\t\t\t\t\t\t\t<div class=\"elementor-element elementor-element-6b792a3 elementor-widget elementor-widget-image\" data-id=\"6b792a3\" data-element_type=\"widget\" data-widget_type=\"image.default\">\n\t\t\t\t<div class=\"elementor-widget-container\">\n\t\t\t\t\t\t\t\t\t\t\t\t\t\t\t\t<a href=\"https:\/\/lestroissapins.fr\/index.php\/activitees\/\">\n\t\t\t\t\t\t\t<img loading=\"lazy\" decoding=\"async\" width=\"1000\" height=\"563\" src=\"https:\/\/lestroissapins.fr\/wp-content\/uploads\/2023\/01\/WAM-PARK-Savoie-Albertville.jpg\" class=\"attachment-full size-full wp-image-1344\" alt=\"H\u00e9bergement en Savoie Maison au c\u0153ur des Alples Loisir en Savoie\" srcset=\"https:\/\/lestroissapins.fr\/wp-content\/uploads\/2023\/01\/WAM-PARK-Savoie-Albertville.jpg 1000w, https:\/\/lestroissapins.fr\/wp-content\/uploads\/2023\/01\/WAM-PARK-Savoie-Albertville-300x169.jpg 300w, https:\/\/lestroissapins.fr\/wp-content\/uploads\/2023\/01\/WAM-PARK-Savoie-Albertville-768x432.jpg 768w\" sizes=\"auto, (max-width: 1000px) 100vw, 1000px\" \/>\t\t\t\t\t\t\t\t<\/a>\n\t\t\t\t\t\t\t\t\t\t\t\t\t\t\t<\/div>\n\t\t\t\t<\/div>\n\t\t\t\t<div class=\"elementor-element elementor-element-1d1e836 elementor-position-top elementor-vertical-align-top elementor-widget elementor-widget-image-box\" data-id=\"1d1e836\" data-element_type=\"widget\" data-widget_type=\"image-box.default\">\n\t\t\t\t<div class=\"elementor-widget-container\">\n\t\t\t<div class=\"elementor-image-box-wrapper\"><div class=\"elementor-image-box-content\"><h3 class=\"elementor-image-box-title\"><a href=\"https:\/\/lestroissapins.fr\/index.php\/activitees\/\">Activit\u00e9s<\/a><\/h3><p class=\"elementor-image-box-description\">Toutes les activit\u00e9s proche de votre h\u00e9bergements<\/p><\/div><\/div>\t\t<\/div>\n\t\t\t\t<\/div>\n\t\t\t\t\t<\/div>\n\t\t<\/div>\n\t\t\t\t\t\t\t<\/div>\n\t\t<\/section>\n\t\t\t\t\t<\/div>\n\t\t<\/div>\n\t\t\t\t\t\t\t<\/div>\n\t\t<\/section>\n\t\t\t\t\t\t\t<\/div>\n\t\t","protected":false},"excerpt":{"rendered":"<p>Les 3 Sapins Votre h\u00e9bergement au coeur des Alpes Venez d\u00e9couvrir les Trois Sapins, un h\u00e9bergement de charme en Savoie. Nous vous offrons des chambres confortables et spacieuses, un emplacement id\u00e9al pour des vacances en montagne et un accueil chaleureux. Profitez de notre terrasse avec vue imprenable sur les montagnes, de notre jardin fleuri et &hellip;<\/p>\n<p class=\"read-more\"> <a class=\"\" href=\"https:\/\/lestroissapins.fr\/\"> <span class=\"screen-reader-text\">Accueil<\/span> Lire la suite\u00a0\u00bb<\/a><\/p>\n","protected":false},"author":1,"featured_media":0,"parent":0,"menu_order":0,"comment_status":"closed","ping_status":"closed","template":"","meta":{"site-sidebar-layout":"no-sidebar","site-content-layout":"page-builder","ast-global-header-display":"","ast-main-header-display":"","ast-hfb-above-header-display":"","ast-hfb-below-header-display":"","ast-hfb-mobile-header-display":"","site-post-title":"disabled","ast-breadcrumbs-content":"","ast-featured-img":"disabled","footer-sml-layout":"","theme-transparent-header-meta":"enabled","adv-header-id-meta":"","stick-header-meta":"","header-above-stick-meta":"","header-main-stick-meta":"","header-below-stick-meta":"","footnotes":""},"class_list":["post-1318","page","type-page","status-publish","hentry"],"yoast_head":"<!-- This site is optimized with the Yoast SEO plugin v19.14 - https:\/\/yoast.com\/wordpress\/plugins\/seo\/ -->\n<title>Les trois Sapins H\u00e9bergement en Savoie au coeur des Alpes<\/title>\n<meta name=\"description\" content=\"Votre h\u00e9bergement en Savoie au c\u0153ur des Alpes. Proche des stations de ski l&#039;hiver et des massif verdoyant l&#039;\u00e9t\u00e9 pour la randonn\u00e9e\" \/>\n<meta name=\"robots\" content=\"index, follow, max-snippet:-1, max-image-preview:large, max-video-preview:-1\" \/>\n<link rel=\"canonical\" href=\"https:\/\/lestroissapins.fr\/\" \/>\n<meta property=\"og:locale\" content=\"fr_FR\" \/>\n<meta property=\"og:type\" content=\"article\" \/>\n<meta property=\"og:title\" content=\"Votre h\u00e9bergement en Savoie le coeur des Alpes %\" \/>\n<meta property=\"og:description\" content=\"Votre h\u00e9bergement en Savoie au c\u0153ur des Alpes. Proche des stations de ski l&#039;hiver et des massif verdoyant l&#039;\u00e9t\u00e9 pour la randonn\u00e9e et les activit\u00e9s aquatique.\" \/>\n<meta property=\"og:url\" content=\"https:\/\/lestroissapins.fr\/\" \/>\n<meta property=\"og:site_name\" content=\"Les trois Sapins H\u00e9bergement en Savoie au coeur des Alpes\" \/>\n<meta property=\"article:modified_time\" content=\"2023-03-09T07:29:22+00:00\" \/>\n<meta property=\"og:image\" content=\"https:\/\/lestroissapins.fr\/wp-content\/uploads\/2023\/01\/bandeau-les-trois-sapins-6.jpg\" \/>\n\t<meta property=\"og:image:width\" content=\"1950\" \/>\n\t<meta property=\"og:image:height\" content=\"757\" \/>\n\t<meta property=\"og:image:type\" content=\"image\/jpeg\" \/>\n<meta name=\"twitter:card\" content=\"summary_large_image\" \/>\n<meta name=\"twitter:label1\" content=\"Dur\u00e9e de lecture estim\u00e9e\" \/>\n\t<meta name=\"twitter:data1\" content=\"2 minutes\" \/>\n<script type=\"application\/ld+json\" class=\"yoast-schema-graph\">{\"@context\":\"https:\/\/schema.org\",\"@graph\":[{\"@type\":\"WebPage\",\"@id\":\"https:\/\/lestroissapins.fr\/\",\"url\":\"https:\/\/lestroissapins.fr\/\",\"name\":\"Les trois Sapins H\u00e9bergement en Savoie au coeur des Alpes\",\"isPartOf\":{\"@id\":\"https:\/\/lestroissapins.fr\/#website\"},\"datePublished\":\"2021-11-21T14:12:46+00:00\",\"dateModified\":\"2023-03-09T07:29:22+00:00\",\"description\":\"Votre h\u00e9bergement en Savoie au c\u0153ur des Alpes. Proche des stations de ski l'hiver et des massif verdoyant l'\u00e9t\u00e9 pour la randonn\u00e9e\",\"breadcrumb\":{\"@id\":\"https:\/\/lestroissapins.fr\/#breadcrumb\"},\"inLanguage\":\"fr-FR\",\"potentialAction\":[{\"@type\":\"ReadAction\",\"target\":[\"https:\/\/lestroissapins.fr\/\"]}]},{\"@type\":\"BreadcrumbList\",\"@id\":\"https:\/\/lestroissapins.fr\/#breadcrumb\",\"itemListElement\":[{\"@type\":\"ListItem\",\"position\":1,\"name\":\"Accueil\",\"item\":\"https:\/\/lestroissapins.fr\/\"},{\"@type\":\"ListItem\",\"position\":2,\"name\":\"Accueil\"}]},{\"@type\":\"WebSite\",\"@id\":\"https:\/\/lestroissapins.fr\/#website\",\"url\":\"https:\/\/lestroissapins.fr\/\",\"name\":\"Les trois Sapins H\u00e9bergement en Savoie au coeur des Alpes\",\"description\":\"Votre h\u00e9bergement en Savoie le c\u0153ur des Alpes\",\"potentialAction\":[{\"@type\":\"SearchAction\",\"target\":{\"@type\":\"EntryPoint\",\"urlTemplate\":\"https:\/\/lestroissapins.fr\/?s={search_term_string}\"},\"query-input\":\"required name=search_term_string\"}],\"inLanguage\":\"fr-FR\"}]}<\/script>\n<!-- \/ Yoast SEO plugin. -->","yoast_head_json":{"title":"Les trois Sapins H\u00e9bergement en Savoie au coeur des Alpes","description":"Votre h\u00e9bergement en Savoie au c\u0153ur des Alpes. Proche des stations de ski l'hiver et des massif verdoyant l'\u00e9t\u00e9 pour la randonn\u00e9e","robots":{"index":"index","follow":"follow","max-snippet":"max-snippet:-1","max-image-preview":"max-image-preview:large","max-video-preview":"max-video-preview:-1"},"canonical":"https:\/\/lestroissapins.fr\/","og_locale":"fr_FR","og_type":"article","og_title":"Votre h\u00e9bergement en Savoie le coeur des Alpes %","og_description":"Votre h\u00e9bergement en Savoie au c\u0153ur des Alpes. Proche des stations de ski l'hiver et des massif verdoyant l'\u00e9t\u00e9 pour la randonn\u00e9e et les activit\u00e9s aquatique.","og_url":"https:\/\/lestroissapins.fr\/","og_site_name":"Les trois Sapins H\u00e9bergement en Savoie au coeur des Alpes","article_modified_time":"2023-03-09T07:29:22+00:00","og_image":[{"width":1950,"height":757,"url":"https:\/\/lestroissapins.fr\/wp-content\/uploads\/2023\/01\/bandeau-les-trois-sapins-6.jpg","type":"image\/jpeg"}],"twitter_card":"summary_large_image","twitter_misc":{"Dur\u00e9e de lecture estim\u00e9e":"2 minutes"},"schema":{"@context":"https:\/\/schema.org","@graph":[{"@type":"WebPage","@id":"https:\/\/lestroissapins.fr\/","url":"https:\/\/lestroissapins.fr\/","name":"Les trois Sapins H\u00e9bergement en Savoie au coeur des Alpes","isPartOf":{"@id":"https:\/\/lestroissapins.fr\/#website"},"datePublished":"2021-11-21T14:12:46+00:00","dateModified":"2023-03-09T07:29:22+00:00","description":"Votre h\u00e9bergement en Savoie au c\u0153ur des Alpes. Proche des stations de ski l'hiver et des massif verdoyant l'\u00e9t\u00e9 pour la randonn\u00e9e","breadcrumb":{"@id":"https:\/\/lestroissapins.fr\/#breadcrumb"},"inLanguage":"fr-FR","potentialAction":[{"@type":"ReadAction","target":["https:\/\/lestroissapins.fr\/"]}]},{"@type":"BreadcrumbList","@id":"https:\/\/lestroissapins.fr\/#breadcrumb","itemListElement":[{"@type":"ListItem","position":1,"name":"Accueil","item":"https:\/\/lestroissapins.fr\/"},{"@type":"ListItem","position":2,"name":"Accueil"}]},{"@type":"WebSite","@id":"https:\/\/lestroissapins.fr\/#website","url":"https:\/\/lestroissapins.fr\/","name":"Les trois Sapins H\u00e9bergement en Savoie au coeur des Alpes","description":"Votre h\u00e9bergement en Savoie le c\u0153ur des Alpes","potentialAction":[{"@type":"SearchAction","target":{"@type":"EntryPoint","urlTemplate":"https:\/\/lestroissapins.fr\/?s={search_term_string}"},"query-input":"required name=search_term_string"}],"inLanguage":"fr-FR"}]}},"_links":{"self":[{"href":"https:\/\/lestroissapins.fr\/index.php\/wp-json\/wp\/v2\/pages\/1318","targetHints":{"allow":["GET"]}}],"collection":[{"href":"https:\/\/lestroissapins.fr\/index.php\/wp-json\/wp\/v2\/pages"}],"about":[{"href":"https:\/\/lestroissapins.fr\/index.php\/wp-json\/wp\/v2\/types\/page"}],"author":[{"embeddable":true,"href":"https:\/\/lestroissapins.fr\/index.php\/wp-json\/wp\/v2\/users\/1"}],"replies":[{"embeddable":true,"href":"https:\/\/lestroissapins.fr\/index.php\/wp-json\/wp\/v2\/comments?post=1318"}],"version-history":[{"count":80,"href":"https:\/\/lestroissapins.fr\/index.php\/wp-json\/wp\/v2\/pages\/1318\/revisions"}],"predecessor-version":[{"id":1846,"href":"https:\/\/lestroissapins.fr\/index.php\/wp-json\/wp\/v2\/pages\/1318\/revisions\/1846"}],"wp:attachment":[{"href":"https:\/\/lestroissapins.fr\/index.php\/wp-json\/wp\/v2\/media?parent=1318"}],"curies":[{"name":"wp","href":"https:\/\/api.w.org\/{rel}","templated":true}]}}